{"id":14386,"date":"2025-07-16T13:23:02","date_gmt":"2025-07-16T19:23:02","guid":{"rendered":"https:\/\/carbidedepot.com.mx\/wp\/product\/micrometro-interior-tubular-de-2-12-pulgadas-con-10-varillas-de-extension-insize\/"},"modified":"2026-04-16T16:30:59","modified_gmt":"2026-04-16T22:30:59","slug":"micrometro-interior-tubular-de-2-12-pulgadas-con-10-varillas-de-extension-insize","status":"publish","type":"product","link":"https:\/\/carbidedepot.com.mx\/wp\/product\/micrometro-interior-tubular-de-2-12-pulgadas-con-10-varillas-de-extension-insize\/","title":{"rendered":"Micr\u00f3metro Interior Tubular De 2-12 Pulgadas Con 10 Varillas De Extensi\u00f3n Insize"},"content":{"rendered":"<p>\u2022Accesorios opcionales:<br \/>\n\u2022 Bloques patr\u00f3n (c\u00f3digo 6881), anillo de ajuste (c\u00f3digo 6312), bloque patr\u00f3n cil\u00edndrico (c\u00f3digo 4001), calibrador de altura (c\u00f3digo 6884)<\/p>\n","protected":false},"excerpt":{"rendered":"<p>Micr\u00f3metro interior tubular de 2-12 pulgadas<\/p>\n","protected":false},"featured_media":14385,"comment_status":"open","ping_status":"closed","template":"","meta":{"site-sidebar-layout":"default","site-content-layout":"default","ast-global-header-display":"","ast-main-header-display":"","ast-hfb-above-header-display":"","ast-hfb-below-header-display":"","ast-hfb-mobile-header-display":"","site-post-title":"","ast-breadcrumbs-content":"","ast-featured-img":"","footer-sml-layout":"","theme-transparent-header-meta":"","adv-header-id-meta":"","stick-header-meta":"","header-above-stick-meta":"","header-main-stick-meta":"","header-below-stick-meta":""},"product_brand":[],"product_cat":[4159],"product_tag":[4160],"class_list":{"0":"post-14386","1":"product","2":"type-product","3":"status-publish","4":"has-post-thumbnail","6":"product_cat-micrometros-interiores-tubulares","7":"product_tag-micrometro-interior-tubular","8":"desktop-align-center","9":"tablet-align-center","10":"mobile-align-center","11":"ast-product-gallery-layout-vertical","12":"ast-product-gallery-with-no-image","13":"ast-product-tabs-layout-horizontal","14":"ast-qv-on-image","16":"first","17":"instock","18":"sale","19":"featured","20":"taxable","21":"shipping-taxable","22":"purchasable","23":"product-type-simple"},"yoast_head":"<!-- This site is optimized with the Yoast SEO plugin v20.1 - https:\/\/yoast.com\/wordpress\/plugins\/seo\/ -->\n<title>Micr\u00f3metro Interior Tubular De 2-12 Pulgadas Con 10 Varillas De Extensi\u00f3n Insize - Tienda de herramientas<\/title>\n<meta name=\"robots\" content=\"index, follow, max-snippet:-1, max-image-preview:large, max-video-preview:-1\" \/>\n<link rel=\"canonical\" href=\"https:\/\/carbidedepot.com.mx\/wp\/product\/micrometro-interior-tubular-de-2-12-pulgadas-con-10-varillas-de-extension-insize\/\" \/>\n<meta property=\"og:locale\" content=\"es_MX\" \/>\n<meta property=\"og:type\" content=\"article\" \/>\n<meta property=\"og:title\" content=\"Micr\u00f3metro Interior Tubular De 2-12 Pulgadas Con 10 Varillas De Extensi\u00f3n Insize - Tienda de herramientas\" \/>\n<meta property=\"og:description\" content=\"Micr\u00f3metro interior tubular de 2-12 pulgadas\" \/>\n<meta property=\"og:url\" content=\"https:\/\/carbidedepot.com.mx\/wp\/product\/micrometro-interior-tubular-de-2-12-pulgadas-con-10-varillas-de-extension-insize\/\" \/>\n<meta property=\"og:site_name\" content=\"Tienda de herramientas\" \/>\n<meta property=\"article:modified_time\" content=\"2026-04-16T22:30:59+00:00\" \/>\n<meta name=\"twitter:card\" content=\"summary_large_image\" \/>\n<script type=\"application\/ld+json\" class=\"yoast-schema-graph\">{\"@context\":\"https:\/\/schema.org\",\"@graph\":[{\"@type\":\"WebPage\",\"@id\":\"https:\/\/carbidedepot.com.mx\/wp\/product\/micrometro-interior-tubular-de-2-12-pulgadas-con-10-varillas-de-extension-insize\/\",\"url\":\"https:\/\/carbidedepot.com.mx\/wp\/product\/micrometro-interior-tubular-de-2-12-pulgadas-con-10-varillas-de-extension-insize\/\",\"name\":\"Micr\u00f3metro Interior Tubular De 2-12 Pulgadas Con 10 Varillas De Extensi\u00f3n Insize - Tienda de herramientas\",\"isPartOf\":{\"@id\":\"https:\/\/carbidedepot.com.mx\/wp\/#website\"},\"datePublished\":\"2025-07-16T19:23:02+00:00\",\"dateModified\":\"2026-04-16T22:30:59+00:00\",\"breadcrumb\":{\"@id\":\"https:\/\/carbidedepot.com.mx\/wp\/product\/micrometro-interior-tubular-de-2-12-pulgadas-con-10-varillas-de-extension-insize\/#breadcrumb\"},\"inLanguage\":\"es\",\"potentialAction\":[{\"@type\":\"ReadAction\",\"target\":[\"https:\/\/carbidedepot.com.mx\/wp\/product\/micrometro-interior-tubular-de-2-12-pulgadas-con-10-varillas-de-extension-insize\/\"]}]},{\"@type\":\"BreadcrumbList\",\"@id\":\"https:\/\/carbidedepot.com.mx\/wp\/product\/micrometro-interior-tubular-de-2-12-pulgadas-con-10-varillas-de-extension-insize\/#breadcrumb\",\"itemListElement\":[{\"@type\":\"ListItem\",\"position\":1,\"name\":\"Portada\",\"item\":\"https:\/\/carbidedepot.com.mx\/wp\/\"},{\"@type\":\"ListItem\",\"position\":2,\"name\":\"Tienda\",\"item\":\"https:\/\/carbidedepot.com.mx\/wp\/tienda\/\"},{\"@type\":\"ListItem\",\"position\":3,\"name\":\"Micr\u00f3metro Interior Tubular De 2-12 Pulgadas Con 10 Varillas De Extensi\u00f3n Insize\"}]},{\"@type\":\"WebSite\",\"@id\":\"https:\/\/carbidedepot.com.mx\/wp\/#website\",\"url\":\"https:\/\/carbidedepot.com.mx\/wp\/\",\"name\":\"Tienda de herramientas\",\"description\":\"Herramientas de carburo de la mejor calidad\",\"publisher\":{\"@id\":\"https:\/\/carbidedepot.com.mx\/wp\/#organization\"},\"potentialAction\":[{\"@type\":\"SearchAction\",\"target\":{\"@type\":\"EntryPoint\",\"urlTemplate\":\"https:\/\/carbidedepot.com.mx\/wp\/?s={search_term_string}\"},\"query-input\":\"required name=search_term_string\"}],\"inLanguage\":\"es\"},{\"@type\":\"Organization\",\"@id\":\"https:\/\/carbidedepot.com.mx\/wp\/#organization\",\"name\":\"Tienda de herramientas\",\"url\":\"https:\/\/carbidedepot.com.mx\/wp\/\",\"logo\":{\"@type\":\"ImageObject\",\"inLanguage\":\"es\",\"@id\":\"https:\/\/carbidedepot.com.mx\/wp\/#\/schema\/logo\/image\/\",\"url\":\"https:\/\/carbidedepot.com.mx\/wp\/wp-content\/uploads\/2022\/03\/Logo-Carbide-depot_Logo-Carbide-depot-Color-2-2.png\",\"contentUrl\":\"https:\/\/carbidedepot.com.mx\/wp\/wp-content\/uploads\/2022\/03\/Logo-Carbide-depot_Logo-Carbide-depot-Color-2-2.png\",\"width\":250,\"height\":70,\"caption\":\"Tienda de herramientas\"},\"image\":{\"@id\":\"https:\/\/carbidedepot.com.mx\/wp\/#\/schema\/logo\/image\/\"}}]}<\/script>\n<!-- \/ Yoast SEO plugin. -->","yoast_head_json":{"title":"Micr\u00f3metro Interior Tubular De 2-12 Pulgadas Con 10 Varillas De Extensi\u00f3n Insize - Tienda de herramientas","robots":{"index":"index","follow":"follow","max-snippet":"max-snippet:-1","max-image-preview":"max-image-preview:large","max-video-preview":"max-video-preview:-1"},"canonical":"https:\/\/carbidedepot.com.mx\/wp\/product\/micrometro-interior-tubular-de-2-12-pulgadas-con-10-varillas-de-extension-insize\/","og_locale":"es_MX","og_type":"article","og_title":"Micr\u00f3metro Interior Tubular De 2-12 Pulgadas Con 10 Varillas De Extensi\u00f3n Insize - Tienda de herramientas","og_description":"Micr\u00f3metro interior tubular de 2-12 pulgadas","og_url":"https:\/\/carbidedepot.com.mx\/wp\/product\/micrometro-interior-tubular-de-2-12-pulgadas-con-10-varillas-de-extension-insize\/","og_site_name":"Tienda de herramientas","article_modified_time":"2026-04-16T22:30:59+00:00","twitter_card":"summary_large_image","schema":{"@context":"https:\/\/schema.org","@graph":[{"@type":"WebPage","@id":"https:\/\/carbidedepot.com.mx\/wp\/product\/micrometro-interior-tubular-de-2-12-pulgadas-con-10-varillas-de-extension-insize\/","url":"https:\/\/carbidedepot.com.mx\/wp\/product\/micrometro-interior-tubular-de-2-12-pulgadas-con-10-varillas-de-extension-insize\/","name":"Micr\u00f3metro Interior Tubular De 2-12 Pulgadas Con 10 Varillas De Extensi\u00f3n Insize - Tienda de herramientas","isPartOf":{"@id":"https:\/\/carbidedepot.com.mx\/wp\/#website"},"datePublished":"2025-07-16T19:23:02+00:00","dateModified":"2026-04-16T22:30:59+00:00","breadcrumb":{"@id":"https:\/\/carbidedepot.com.mx\/wp\/product\/micrometro-interior-tubular-de-2-12-pulgadas-con-10-varillas-de-extension-insize\/#breadcrumb"},"inLanguage":"es","potentialAction":[{"@type":"ReadAction","target":["https:\/\/carbidedepot.com.mx\/wp\/product\/micrometro-interior-tubular-de-2-12-pulgadas-con-10-varillas-de-extension-insize\/"]}]},{"@type":"BreadcrumbList","@id":"https:\/\/carbidedepot.com.mx\/wp\/product\/micrometro-interior-tubular-de-2-12-pulgadas-con-10-varillas-de-extension-insize\/#breadcrumb","itemListElement":[{"@type":"ListItem","position":1,"name":"Portada","item":"https:\/\/carbidedepot.com.mx\/wp\/"},{"@type":"ListItem","position":2,"name":"Tienda","item":"https:\/\/carbidedepot.com.mx\/wp\/tienda\/"},{"@type":"ListItem","position":3,"name":"Micr\u00f3metro Interior Tubular De 2-12 Pulgadas Con 10 Varillas De Extensi\u00f3n Insize"}]},{"@type":"WebSite","@id":"https:\/\/carbidedepot.com.mx\/wp\/#website","url":"https:\/\/carbidedepot.com.mx\/wp\/","name":"Tienda de herramientas","description":"Herramientas de carburo de la mejor calidad","publisher":{"@id":"https:\/\/carbidedepot.com.mx\/wp\/#organization"},"potentialAction":[{"@type":"SearchAction","target":{"@type":"EntryPoint","urlTemplate":"https:\/\/carbidedepot.com.mx\/wp\/?s={search_term_string}"},"query-input":"required name=search_term_string"}],"inLanguage":"es"},{"@type":"Organization","@id":"https:\/\/carbidedepot.com.mx\/wp\/#organization","name":"Tienda de herramientas","url":"https:\/\/carbidedepot.com.mx\/wp\/","logo":{"@type":"ImageObject","inLanguage":"es","@id":"https:\/\/carbidedepot.com.mx\/wp\/#\/schema\/logo\/image\/","url":"https:\/\/carbidedepot.com.mx\/wp\/wp-content\/uploads\/2022\/03\/Logo-Carbide-depot_Logo-Carbide-depot-Color-2-2.png","contentUrl":"https:\/\/carbidedepot.com.mx\/wp\/wp-content\/uploads\/2022\/03\/Logo-Carbide-depot_Logo-Carbide-depot-Color-2-2.png","width":250,"height":70,"caption":"Tienda de herramientas"},"image":{"@id":"https:\/\/carbidedepot.com.mx\/wp\/#\/schema\/logo\/image\/"}}]}},"_links":{"self":[{"href":"https:\/\/carbidedepot.com.mx\/wp\/wp-json\/wp\/v2\/product\/14386","targetHints":{"allow":["GET"]}}],"collection":[{"href":"https:\/\/carbidedepot.com.mx\/wp\/wp-json\/wp\/v2\/product"}],"about":[{"href":"https:\/\/carbidedepot.com.mx\/wp\/wp-json\/wp\/v2\/types\/product"}],"replies":[{"embeddable":true,"href":"https:\/\/carbidedepot.com.mx\/wp\/wp-json\/wp\/v2\/comments?post=14386"}],"wp:featuredmedia":[{"embeddable":true,"href":"https:\/\/carbidedepot.com.mx\/wp\/wp-json\/wp\/v2\/media\/14385"}],"wp:attachment":[{"href":"https:\/\/carbidedepot.com.mx\/wp\/wp-json\/wp\/v2\/media?parent=14386"}],"wp:term":[{"taxonomy":"product_brand","embeddable":true,"href":"https:\/\/carbidedepot.com.mx\/wp\/wp-json\/wp\/v2\/product_brand?post=14386"},{"taxonomy":"product_cat","embeddable":true,"href":"https:\/\/carbidedepot.com.mx\/wp\/wp-json\/wp\/v2\/product_cat?post=14386"},{"taxonomy":"product_tag","embeddable":true,"href":"https:\/\/carbidedepot.com.mx\/wp\/wp-json\/wp\/v2\/product_tag?post=14386"}],"curies":[{"name":"wp","href":"https:\/\/api.w.org\/{rel}","templated":true}]}}